{"id":436,"date":"2022-09-13T12:24:38","date_gmt":"2022-09-13T12:24:38","guid":{"rendered":"https:\/\/lysdrap.be\/ons-verhaal\/"},"modified":"2022-12-20T14:24:19","modified_gmt":"2022-12-20T14:24:19","slug":"ons-verhaal","status":"publish","type":"page","link":"https:\/\/lysdrap.be\/fr\/over-lysdrap\/ons-verhaal\/","title":{"rendered":"Ons verhaal"},"content":{"rendered":"<div data-elementor-type=\"wp-page\" data-elementor-id=\"436\" class=\"elementor elementor-436\">\n\t\t\t\t\t\t\t\t\t<section class=\"elementor-section elementor-top-section elementor-element elementor-element-27456aed elementor-section-full_width elementor-section-height-default elementor-section-height-default\" data-id=\"27456aed\" data-element_type=\"section\">\n\t\t\t\t\t\t<div class=\"elementor-container elementor-column-gap-default\">\n\t\t\t\t\t<div class=\"elementor-column elementor-col-100 elementor-top-column elementor-element elementor-element-414f390a\" data-id=\"414f390a\" data-element_type=\"column\">\n\t\t\t<div class=\"elementor-widget-wrap elementor-element-populated\">\n\t\t\t\t\t\t\t\t<section class=\"elementor-section elementor-inner-section elementor-element elementor-element-58dba846 elementor-section-boxed elementor-section-height-default elementor-section-height-default\" data-id=\"58dba846\" data-element_type=\"section\">\n\t\t\t\t\t\t<div class=\"elementor-container elementor-column-gap-default\">\n\t\t\t\t\t<div class=\"elementor-column elementor-col-100 elementor-inner-column elementor-element elementor-element-28dd2f0\" data-id=\"28dd2f0\" data-element_type=\"column\">\n\t\t\t<div class=\"elementor-widget-wrap elementor-element-populated\">\n\t\t\t\t\t\t\t\t<div class=\"elementor-element elementor-element-691a5d29 elementor-widget elementor-widget-heading\" data-id=\"691a5d29\" data-element_type=\"widget\" data-widget_type=\"heading.default\">\n\t\t\t\t<div class=\"elementor-widget-container\">\n\t\t\t<style>\/*! elementor - v3.11.5 - 14-03-2023 *\/\n.elementor-heading-title{padding:0;margin:0;line-height:1}.elementor-widget-heading .elementor-heading-title[class*=elementor-size-]>a{color:inherit;font-size:inherit;line-height:inherit}.elementor-widget-heading .elementor-heading-title.elementor-size-small{font-size:15px}.elementor-widget-heading .elementor-heading-title.elementor-size-medium{font-size:19px}.elementor-widget-heading .elementor-heading-title.elementor-size-large{font-size:29px}.elementor-widget-heading .elementor-heading-title.elementor-size-xl{font-size:39px}.elementor-widget-heading .elementor-heading-title.elementor-size-xxl{font-size:59px}<\/style><h2 class=\"elementor-heading-title elementor-size-default\">D\u00e9couvrez notre histoire<\/h2>\t\t<\/div>\n\t\t\t\t<\/div>\n\t\t\t\t\t<\/div>\n\t\t<\/div>\n\t\t\t\t\t\t\t<\/div>\n\t\t<\/section>\n\t\t\t\t<div class=\"elementor-element elementor-element-13e0b642 elementor-widget-divider--view-line_icon elementor-view-default elementor-widget-divider--element-align-center elementor-widget elementor-widget-divider\" data-id=\"13e0b642\" data-element_type=\"widget\" data-widget_type=\"divider.default\">\n\t\t\t\t<div class=\"elementor-widget-container\">\n\t\t\t<style>\/*! elementor - v3.11.5 - 14-03-2023 *\/\n.elementor-widget-divider{--divider-border-style:none;--divider-border-width:1px;--divider-color:#2c2c2c;--divider-icon-size:20px;--divider-element-spacing:10px;--divider-pattern-height:24px;--divider-pattern-size:20px;--divider-pattern-url:none;--divider-pattern-repeat:repeat-x}.elementor-widget-divider .elementor-divider{display:flex}.elementor-widget-divider .elementor-divider__text{font-size:15px;line-height:1;max-width:95%}.elementor-widget-divider .elementor-divider__element{margin:0 var(--divider-element-spacing);flex-shrink:0}.elementor-widget-divider .elementor-icon{font-size:var(--divider-icon-size)}.elementor-widget-divider .elementor-divider-separator{display:flex;margin:0;direction:ltr}.elementor-widget-divider--view-line_icon .elementor-divider-separator,.elementor-widget-divider--view-line_text .elementor-divider-separator{align-items:center}.elementor-widget-divider--view-line_icon .elementor-divider-separator:after,.elementor-widget-divider--view-line_icon .elementor-divider-separator:before,.elementor-widget-divider--view-line_text .elementor-divider-separator:after,.elementor-widget-divider--view-line_text .elementor-divider-separator:before{display:block;content:\"\";border-bottom:0;flex-grow:1;border-top:var(--divider-border-width) var(--divider-border-style) var(--divider-color)}.elementor-widget-divider--element-align-left .elementor-divider .elementor-divider-separator>.elementor-divider__svg:first-of-type{flex-grow:0;flex-shrink:100}.elementor-widget-divider--element-align-left .elementor-divider-separator:before{content:none}.elementor-widget-divider--element-align-left .elementor-divider__element{margin-left:0}.elementor-widget-divider--element-align-right .elementor-divider .elementor-divider-separator>.elementor-divider__svg:last-of-type{flex-grow:0;flex-shrink:100}.elementor-widget-divider--element-align-right .elementor-divider-separator:after{content:none}.elementor-widget-divider--element-align-right .elementor-divider__element{margin-right:0}.elementor-widget-divider:not(.elementor-widget-divider--view-line_text):not(.elementor-widget-divider--view-line_icon) .elementor-divider-separator{border-top:var(--divider-border-width) var(--divider-border-style) var(--divider-color)}.elementor-widget-divider--separator-type-pattern{--divider-border-style:none}.elementor-widget-divider--separator-type-pattern.elementor-widget-divider--view-line .elementor-divider-separator,.elementor-widget-divider--separator-type-pattern:not(.elementor-widget-divider--view-line) .elementor-divider-separator:after,.elementor-widget-divider--separator-type-pattern:not(.elementor-widget-divider--view-line) .elementor-divider-separator:before,.elementor-widget-divider--separator-type-pattern:not([class*=elementor-widget-divider--view]) .elementor-divider-separator{width:100%;min-height:var(--divider-pattern-height);-webkit-mask-size:var(--divider-pattern-size) 100%;mask-size:var(--divider-pattern-size) 100%;-webkit-mask-repeat:var(--divider-pattern-repeat);mask-repeat:var(--divider-pattern-repeat);background-color:var(--divider-color);-webkit-mask-image:var(--divider-pattern-url);mask-image:var(--divider-pattern-url)}.elementor-widget-divider--no-spacing{--divider-pattern-size:auto}.elementor-widget-divider--bg-round{--divider-pattern-repeat:round}.rtl .elementor-widget-divider .elementor-divider__text{direction:rtl}.e-con-inner>.elementor-widget-divider,.e-con>.elementor-widget-divider{width:var(--container-widget-width,100%);--flex-grow:var(--container-widget-flex-grow)}<\/style>\t\t<div class=\"elementor-divider\">\n\t\t\t<span class=\"elementor-divider-separator\">\n\t\t\t\t\t\t\t<div class=\"elementor-icon elementor-divider__element\">\n\t\t\t\t\t<svg xmlns=\"http:\/\/www.w3.org\/2000\/svg\" xmlns:xlink=\"http:\/\/www.w3.org\/1999\/xlink\" id=\"Layer_1\" x=\"0px\" y=\"0px\" viewbox=\"0 0 64 64\" xml:space=\"preserve\"> <path id=\"Moon\" d=\"M63.4374046,38.4606323c-0.4258003-0.2060013-0.9384995-0.0848999-1.2276001,0.2910995 c-1.2803001,1.6650009-2.9452972,3.2001991-4.9501991,4.5625c-11.6180992,7.8808022-27.544899,4.9248009-35.4971008-6.5956993 c-7.8154011-11.3204002-4.9902-26.9736996,6.2968998-34.8936005c0.3799-0.2666,0.5263996-0.7588,0.3544998-1.1895001 c-0.1728001-0.4316-0.625-0.6835-1.0771008-0.6181c-4.6474991,0.6953-9.2070999,2.4902-13.1875,5.1893997 C6.9706059,10.0759325,2.1415057,17.427433,0.5526057,25.9079323c-1.582,8.4414024,0.2402,16.9932022,5.1308002,24.0791016 c6.2872,9.1054993,16.4864006,14.0058975,26.8554993,14.0058975c6.3173981,0,12.6982994-1.819397,18.2939987-5.6161995 c6.5800018-4.461998,11.2461014-11.1298981,13.1406021-18.7753983 C64.0877075,39.142334,63.8631058,38.6657333,63.4374046,38.4606323z M49.7098045,56.7224312 c-13.8710976,9.410099-32.8847961,5.8828011-42.3798981-7.872097c-4.5858998-6.642601-6.2948999-14.660202-4.8114996-22.5742016 C4.0086055,18.3239326,8.5379057,11.4294329,15.2723055,6.861033c2.5801001-1.75,5.4189997-3.0937002,8.3643007-3.9726 c-9.3916006,9.0702991-11.1416006,23.9258003-3.5205002,34.9668007 c8.5741997,12.4188995,25.7422009,15.6094017,38.2666016,7.1133003c0.8260994-0.5606003,1.5996017-1.149498,2.3182983-1.764698 C58.4803047,48.6472321,54.6766052,53.3542328,49.7098045,56.7224312z\"><\/path> <g> <\/g> <g> <\/g> <g> <\/g> <g> <\/g> <g> <\/g> <g> <\/g> <g> <\/g> <g> <\/g> <g> <\/g> <g> <\/g> <g> <\/g> <g> <\/g> <g> <\/g> <g> <\/g> <g> <\/g> <\/svg><\/div>\n\t\t\t\t\t\t<\/span>\n\t\t<\/div>\n\t\t\t\t<\/div>\n\t\t\t\t<\/div>\n\t\t\t\t\t<\/div>\n\t\t<\/div>\n\t\t\t\t\t\t\t<\/div>\n\t\t<\/section>\n\t\t\t\t<section class=\"elementor-section elementor-top-section elementor-element elementor-element-58718a59 elementor-section-boxed elementor-section-height-default elementor-section-height-default\" data-id=\"58718a59\" data-element_type=\"section\" data-settings=\"{&quot;background_background&quot;:&quot;classic&quot;}\">\n\t\t\t\t\t\t<div class=\"elementor-container elementor-column-gap-no\">\n\t\t\t\t\t<div class=\"elementor-column elementor-col-50 elementor-top-column elementor-element elementor-element-6ae10c70\" data-id=\"6ae10c70\" data-element_type=\"column\">\n\t\t\t<div class=\"elementor-widget-wrap elementor-element-populated\">\n\t\t\t\t\t\t\t\t<div class=\"elementor-element elementor-element-2b253898 elementor-widget elementor-widget-text-editor\" data-id=\"2b253898\" data-element_type=\"widget\" data-widget_type=\"text-editor.default\">\n\t\t\t\t<div class=\"elementor-widget-container\">\n\t\t\t<style>\/*! elementor - v3.11.5 - 14-03-2023 *\/\n.elementor-widget-text-editor.elementor-drop-cap-view-stacked .elementor-drop-cap{background-color:#818a91;color:#fff}.elementor-widget-text-editor.elementor-drop-cap-view-framed .elementor-drop-cap{color:#818a91;border:3px solid;background-color:transparent}.elementor-widget-text-editor:not(.elementor-drop-cap-view-default) .elementor-drop-cap{margin-top:8px}.elementor-widget-text-editor:not(.elementor-drop-cap-view-default) .elementor-drop-cap-letter{width:1em;height:1em}.elementor-widget-text-editor .elementor-drop-cap{float:left;text-align:center;line-height:1;font-size:50px}.elementor-widget-text-editor .elementor-drop-cap-letter{display:inline-block}<\/style>\t\t\t\t<p class=\" translation-block\">Daniel Dewerchin, notre fondateur, a pris un grand risque en cr\u00e9ant une entreprise sp\u00e9cialis\u00e9e dans le linge de lit \u00e0 la mode. \nPersonne n'avait os\u00e9 r\u00eaver de la fa\u00e7on dont l'entreprise allait continuer \u00e0 cro\u00eetre et \u00e0 prosp\u00e9rer.<br><br>\nAujourd'hui, il est clair que la recherche de la perfection est le fil conducteur de l'entreprise. Dans le pass\u00e9, comme aujourd'hui, nous fournissons du linge de lit \u00e9l\u00e9gant et de qualit\u00e9.)\n<br><br>\nLa qualit\u00e9 a naturellement besoin d'un nom, et c'est ainsi que la marque \"Lysdrap\" est n\u00e9e. Au d\u00e9but, la marque n'\u00e9tait distribu\u00e9e qu'en Belgique, mais entre-temps, Lysdrap est devenu un v\u00e9ritable acteur europ\u00e9en.\nGr\u00e2ce \u00e0 des ann\u00e9es de distribution de linge de lit de qualit\u00e9, Lysdrap est rapidement devenu une marque synonyme d'excellence. \ndes tissus de qualit\u00e9, des designs contemporains et une\nfinitions. Tout cela provient du d\u00e9veloppement en interne de techniques et de processus.\n<br><br>\nLa famille Dewerchin a vendu l'entreprise au cours de l'\u00e9t\u00e9 2007. La soci\u00e9t\u00e9 a continu\u00e9 sous le nom de Dewerchin&amp;Caems.<\/p>\t\t\t\t\t\t<\/div>\n\t\t\t\t<\/div>\n\t\t\t\t\t<\/div>\n\t\t<\/div>\n\t\t\t\t<div class=\"elementor-column elementor-col-50 elementor-top-column elementor-element elementor-element-12570287\" data-id=\"12570287\" data-element_type=\"column\">\n\t\t\t<div class=\"elementor-widget-wrap elementor-element-populated\">\n\t\t\t\t\t\t\t\t<div class=\"elementor-element elementor-element-d476123 elementor-widget elementor-widget-image\" data-id=\"d476123\" data-element_type=\"widget\" data-widget_type=\"image.default\">\n\t\t\t\t<div class=\"elementor-widget-container\">\n\t\t\t<style>\/*! elementor - v3.11.5 - 14-03-2023 *\/\n.elementor-widget-image{text-align:center}.elementor-widget-image a{display:inline-block}.elementor-widget-image a img[src$=\".svg\"]{width:48px}.elementor-widget-image img{vertical-align:middle;display:inline-block}<\/style>\t\t\t\t\t\t\t\t\t\t\t\t<img loading=\"lazy\" decoding=\"async\" width=\"573\" height=\"835\" src=\"https:\/\/lysdrap.be\/wp-content\/uploads\/2022\/09\/302286195_418731083484835_286382872144662085_n-2.1.png\" class=\"attachment-full size-full wp-image-437\" alt=\"\" srcset=\"https:\/\/lysdrap.be\/wp-content\/uploads\/2022\/09\/302286195_418731083484835_286382872144662085_n-2.1.png 573w, https:\/\/lysdrap.be\/wp-content\/uploads\/2022\/09\/302286195_418731083484835_286382872144662085_n-2.1-206x300.png 206w\" sizes=\"auto, (max-width: 573px) 100vw, 573px\" \/>\t\t\t\t\t\t\t\t\t\t\t\t\t\t\t<\/div>\n\t\t\t\t<\/div>\n\t\t\t\t\t<\/div>\n\t\t<\/div>\n\t\t\t\t\t\t\t<\/div>\n\t\t<\/section>\n\t\t\t\t<section class=\"elementor-section elementor-top-section elementor-element elementor-element-6dca0b1 elementor-reverse-tablet elementor-reverse-mobile elementor-section-boxed elementor-section-height-default elementor-section-height-default\" data-id=\"6dca0b1\" data-element_type=\"section\" data-settings=\"{&quot;background_background&quot;:&quot;classic&quot;}\">\n\t\t\t\t\t\t<div class=\"elementor-container elementor-column-gap-default\">\n\t\t\t\t\t<div class=\"elementor-column elementor-col-50 elementor-top-column elementor-element elementor-element-39d52bb6\" data-id=\"39d52bb6\" data-element_type=\"column\" data-settings=\"{&quot;background_background&quot;:&quot;classic&quot;}\">\n\t\t\t<div class=\"elementor-widget-wrap elementor-element-populated\">\n\t\t\t\t\t\t\t\t<div class=\"elementor-element elementor-element-2e46e427 elementor-widget elementor-widget-image\" data-id=\"2e46e427\" data-element_type=\"widget\" data-widget_type=\"image.default\">\n\t\t\t\t<div class=\"elementor-widget-container\">\n\t\t\t\t\t\t\t\t\t\t\t\t\t\t\t<img loading=\"lazy\" decoding=\"async\" width=\"425\" height=\"520\" src=\"https:\/\/lysdrap.be\/wp-content\/uploads\/2022\/09\/d3fc49e6-087b-4ee3-af01-de1d91ad14d3.png\" class=\"attachment-full size-full wp-image-438\" alt=\"\" srcset=\"https:\/\/lysdrap.be\/wp-content\/uploads\/2022\/09\/d3fc49e6-087b-4ee3-af01-de1d91ad14d3.png 425w, https:\/\/lysdrap.be\/wp-content\/uploads\/2022\/09\/d3fc49e6-087b-4ee3-af01-de1d91ad14d3-245x300.png 245w\" sizes=\"auto, (max-width: 425px) 100vw, 425px\" \/>\t\t\t\t\t\t\t\t\t\t\t\t\t\t\t<\/div>\n\t\t\t\t<\/div>\n\t\t\t\t\t<\/div>\n\t\t<\/div>\n\t\t\t\t<div class=\"elementor-column elementor-col-50 elementor-top-column elementor-element elementor-element-4d2832dd\" data-id=\"4d2832dd\" data-element_type=\"column\">\n\t\t\t<div class=\"elementor-widget-wrap elementor-element-populated\">\n\t\t\t\t\t\t\t\t<div class=\"elementor-element elementor-element-4dc24e24 elementor-widget elementor-widget-text-editor\" data-id=\"4dc24e24\" data-element_type=\"widget\" data-widget_type=\"text-editor.default\">\n\t\t\t\t<div class=\"elementor-widget-container\">\n\t\t\t\t\t\t\t<p class=\" translation-block\">Dewerchin&amp;Caems a l'ambition de devenir un acteur international majeur. L'entreprise est donc reconnue comme l'un des meilleurs producteurs de linge de lit en Europe.\nBien s\u00fbr, cela ne peut \u00eatre r\u00e9alis\u00e9 avec une production de masse. C'est pourquoi Dewerchin&amp;Caems investit dans des collections contemporaines, en utilisant des tissus de qualit\u00e9 et des finitions parfaites.<\/p><p class=\" translation-block\">Notre objectif ? Pour que tous les amateurs de linge de lit de qualit\u00e9 soient extr\u00eamement satisfaits, dans le monde entier.<\/p><p class=\" translation-block\">Aujourd'hui, l'entreprise est dirig\u00e9e par Caroline Filieux et Peter Caems.<\/p><p class=\" translation-block\">Caroline et Peter d\u00e9fendent les valeurs de l'entreprise. Des valeurs telles que l'artisanat, le service et la qualit\u00e9 sont donc greff\u00e9es dans l'ADN de l'entreprise.<\/p><p class=\" translation-block\">C'est pourquoi toutes les collections Lysdrap sont produites dans leur propre atelier. Ce travail est effectu\u00e9 par un groupe d'employ\u00e9s sp\u00e9cialis\u00e9s. L'objectif est de r\u00e9pondre le plus parfaitement possible aux souhaits des clients les plus exigeants.<\/p>\t\t\t\t\t\t<\/div>\n\t\t\t\t<\/div>\n\t\t\t\t\t<\/div>\n\t\t<\/div>\n\t\t\t\t\t\t\t<\/div>\n\t\t<\/section>\n\t\t\t\t\t\t\t<\/div>","protected":false},"excerpt":{"rendered":"<p>Onze geschiedenis Dani\u00ebl Dewerchin nam een grote stap bij het oprichten van een bedrijf dat gespecialiseerd is in modieus bedlinnen. Niemand kon voorspellen hoe het bedrijf zou evolueren. Vandaag is het duidelijk dat perfectie in zijn ruimste vorm de rode draad doorheen de geschiedenis van het bedrijf is. Kwaliteit vraagt naar een naam, en zo [&hellip;]<\/p>","protected":false},"author":1,"featured_media":0,"parent":450,"menu_order":0,"comment_status":"closed","ping_status":"closed","template":"elementor_header_footer","meta":{"footnotes":""},"class_list":["post-436","page","type-page","status-publish","hentry"],"yoast_head":"<!-- This site is optimized with the Yoast SEO plugin v20.3 - https:\/\/yoast.com\/wordpress\/plugins\/seo\/ -->\n<title>Ons verhaal - lysdrap<\/title>\n<meta name=\"robots\" content=\"index, follow, max-snippet:-1, max-image-preview:large, max-video-preview:-1\" \/>\n<link rel=\"canonical\" href=\"https:\/\/lysdrap.be\/fr\/over-lysdrap\/ons-verhaal\/\" \/>\n<meta property=\"og:locale\" content=\"fr_FR\" \/>\n<meta property=\"og:type\" content=\"article\" \/>\n<meta property=\"og:title\" content=\"Ons verhaal - lysdrap\" \/>\n<meta property=\"og:description\" content=\"Onze geschiedenis Dani\u00ebl Dewerchin nam een grote stap bij het oprichten van een bedrijf dat gespecialiseerd is in modieus bedlinnen. Niemand kon voorspellen hoe het bedrijf zou evolueren. Vandaag is het duidelijk dat perfectie in zijn ruimste vorm de rode draad doorheen de geschiedenis van het bedrijf is. Kwaliteit vraagt naar een naam, en zo [&hellip;]\" \/>\n<meta property=\"og:url\" content=\"https:\/\/lysdrap.be\/fr\/over-lysdrap\/ons-verhaal\/\" \/>\n<meta property=\"og:site_name\" content=\"lysdrap\" \/>\n<meta property=\"article:modified_time\" content=\"2022-12-20T14:24:19+00:00\" \/>\n<meta property=\"og:image\" content=\"https:\/\/lysdrap.be\/wp-content\/uploads\/2022\/09\/302286195_418731083484835_286382872144662085_n-2.1.png\" \/>\n<meta name=\"twitter:card\" content=\"summary_large_image\" \/>\n<meta name=\"twitter:label1\" content=\"Dur\u00e9e de lecture est.\" \/>\n\t<meta name=\"twitter:data1\" content=\"1 minute\" \/>\n<script type=\"application\/ld+json\" class=\"yoast-schema-graph\">{\"@context\":\"https:\/\/schema.org\",\"@graph\":[{\"@type\":\"WebPage\",\"@id\":\"https:\/\/lysdrap.be\/over-lysdrap\/ons-verhaal\/\",\"url\":\"https:\/\/lysdrap.be\/over-lysdrap\/ons-verhaal\/\",\"name\":\"Ons verhaal - lysdrap\",\"isPartOf\":{\"@id\":\"https:\/\/lysdrap.be\/#website\"},\"datePublished\":\"2022-09-13T12:24:38+00:00\",\"dateModified\":\"2022-12-20T14:24:19+00:00\",\"breadcrumb\":{\"@id\":\"https:\/\/lysdrap.be\/over-lysdrap\/ons-verhaal\/#breadcrumb\"},\"inLanguage\":\"fr-BE\",\"potentialAction\":[{\"@type\":\"ReadAction\",\"target\":[\"https:\/\/lysdrap.be\/over-lysdrap\/ons-verhaal\/\"]}]},{\"@type\":\"BreadcrumbList\",\"@id\":\"https:\/\/lysdrap.be\/over-lysdrap\/ons-verhaal\/#breadcrumb\",\"itemListElement\":[{\"@type\":\"ListItem\",\"position\":1,\"name\":\"Home\",\"item\":\"https:\/\/lysdrap.be\/\"},{\"@type\":\"ListItem\",\"position\":2,\"name\":\"Over lysdrap\",\"item\":\"https:\/\/lysdrap.be\/over-lysdrap\/\"},{\"@type\":\"ListItem\",\"position\":3,\"name\":\"Ons verhaal\"}]},{\"@type\":\"WebSite\",\"@id\":\"https:\/\/lysdrap.be\/#website\",\"url\":\"https:\/\/lysdrap.be\/\",\"name\":\"lysdrap\",\"description\":\"Ons exclusief bedlinnen op maat is het toonbeeld van Belgisch fabricaat. Lysdrap is 100% vervaardigd op Belgische bodem\",\"publisher\":{\"@id\":\"https:\/\/lysdrap.be\/#organization\"},\"potentialAction\":[{\"@type\":\"SearchAction\",\"target\":{\"@type\":\"EntryPoint\",\"urlTemplate\":\"https:\/\/lysdrap.be\/?s={search_term_string}\"},\"query-input\":\"required name=search_term_string\"}],\"inLanguage\":\"fr-BE\"},{\"@type\":\"Organization\",\"@id\":\"https:\/\/lysdrap.be\/#organization\",\"name\":\"lysdrap\",\"url\":\"https:\/\/lysdrap.be\/\",\"logo\":{\"@type\":\"ImageObject\",\"inLanguage\":\"fr-BE\",\"@id\":\"https:\/\/lysdrap.be\/#\/schema\/logo\/image\/\",\"url\":\"https:\/\/lysdrap.be\/wp-content\/uploads\/2022\/09\/Logo-01-2-300x252-1.png\",\"contentUrl\":\"https:\/\/lysdrap.be\/wp-content\/uploads\/2022\/09\/Logo-01-2-300x252-1.png\",\"width\":300,\"height\":252,\"caption\":\"lysdrap\"},\"image\":{\"@id\":\"https:\/\/lysdrap.be\/#\/schema\/logo\/image\/\"}}]}<\/script>\n<!-- \/ Yoast SEO plugin. -->","yoast_head_json":{"title":"Ons verhaal - lysdrap","robots":{"index":"index","follow":"follow","max-snippet":"max-snippet:-1","max-image-preview":"max-image-preview:large","max-video-preview":"max-video-preview:-1"},"canonical":"https:\/\/lysdrap.be\/fr\/over-lysdrap\/ons-verhaal\/","og_locale":"fr_FR","og_type":"article","og_title":"Ons verhaal - lysdrap","og_description":"Onze geschiedenis Dani\u00ebl Dewerchin nam een grote stap bij het oprichten van een bedrijf dat gespecialiseerd is in modieus bedlinnen. Niemand kon voorspellen hoe het bedrijf zou evolueren. Vandaag is het duidelijk dat perfectie in zijn ruimste vorm de rode draad doorheen de geschiedenis van het bedrijf is. Kwaliteit vraagt naar een naam, en zo [&hellip;]","og_url":"https:\/\/lysdrap.be\/fr\/over-lysdrap\/ons-verhaal\/","og_site_name":"lysdrap","article_modified_time":"2022-12-20T14:24:19+00:00","og_image":[{"url":"https:\/\/lysdrap.be\/wp-content\/uploads\/2022\/09\/302286195_418731083484835_286382872144662085_n-2.1.png"}],"twitter_card":"summary_large_image","twitter_misc":{"Dur\u00e9e de lecture est.":"1 minute"},"schema":{"@context":"https:\/\/schema.org","@graph":[{"@type":"WebPage","@id":"https:\/\/lysdrap.be\/over-lysdrap\/ons-verhaal\/","url":"https:\/\/lysdrap.be\/over-lysdrap\/ons-verhaal\/","name":"Ons verhaal - lysdrap","isPartOf":{"@id":"https:\/\/lysdrap.be\/#website"},"datePublished":"2022-09-13T12:24:38+00:00","dateModified":"2022-12-20T14:24:19+00:00","breadcrumb":{"@id":"https:\/\/lysdrap.be\/over-lysdrap\/ons-verhaal\/#breadcrumb"},"inLanguage":"fr-BE","potentialAction":[{"@type":"ReadAction","target":["https:\/\/lysdrap.be\/over-lysdrap\/ons-verhaal\/"]}]},{"@type":"BreadcrumbList","@id":"https:\/\/lysdrap.be\/over-lysdrap\/ons-verhaal\/#breadcrumb","itemListElement":[{"@type":"ListItem","position":1,"name":"Home","item":"https:\/\/lysdrap.be\/"},{"@type":"ListItem","position":2,"name":"Over lysdrap","item":"https:\/\/lysdrap.be\/over-lysdrap\/"},{"@type":"ListItem","position":3,"name":"Ons verhaal"}]},{"@type":"WebSite","@id":"https:\/\/lysdrap.be\/#website","url":"https:\/\/lysdrap.be\/","name":"lysdrap","description":"Ons exclusief bedlinnen op maat is het toonbeeld van Belgisch fabricaat. Lysdrap is 100% vervaardigd op Belgische bodem","publisher":{"@id":"https:\/\/lysdrap.be\/#organization"},"potentialAction":[{"@type":"SearchAction","target":{"@type":"EntryPoint","urlTemplate":"https:\/\/lysdrap.be\/?s={search_term_string}"},"query-input":"required name=search_term_string"}],"inLanguage":"fr-BE"},{"@type":"Organization","@id":"https:\/\/lysdrap.be\/#organization","name":"lysdrap","url":"https:\/\/lysdrap.be\/","logo":{"@type":"ImageObject","inLanguage":"fr-BE","@id":"https:\/\/lysdrap.be\/#\/schema\/logo\/image\/","url":"https:\/\/lysdrap.be\/wp-content\/uploads\/2022\/09\/Logo-01-2-300x252-1.png","contentUrl":"https:\/\/lysdrap.be\/wp-content\/uploads\/2022\/09\/Logo-01-2-300x252-1.png","width":300,"height":252,"caption":"lysdrap"},"image":{"@id":"https:\/\/lysdrap.be\/#\/schema\/logo\/image\/"}}]}},"_links":{"self":[{"href":"https:\/\/lysdrap.be\/fr\/wp-json\/wp\/v2\/pages\/436","targetHints":{"allow":["GET"]}}],"collection":[{"href":"https:\/\/lysdrap.be\/fr\/wp-json\/wp\/v2\/pages"}],"about":[{"href":"https:\/\/lysdrap.be\/fr\/wp-json\/wp\/v2\/types\/page"}],"author":[{"embeddable":true,"href":"https:\/\/lysdrap.be\/fr\/wp-json\/wp\/v2\/users\/1"}],"replies":[{"embeddable":true,"href":"https:\/\/lysdrap.be\/fr\/wp-json\/wp\/v2\/comments?post=436"}],"version-history":[{"count":65,"href":"https:\/\/lysdrap.be\/fr\/wp-json\/wp\/v2\/pages\/436\/revisions"}],"predecessor-version":[{"id":6243,"href":"https:\/\/lysdrap.be\/fr\/wp-json\/wp\/v2\/pages\/436\/revisions\/6243"}],"up":[{"embeddable":true,"href":"https:\/\/lysdrap.be\/fr\/wp-json\/wp\/v2\/pages\/450"}],"wp:attachment":[{"href":"https:\/\/lysdrap.be\/fr\/wp-json\/wp\/v2\/media?parent=436"}],"curies":[{"name":"wp","href":"https:\/\/api.w.org\/{rel}","templated":true}]}}