{"id":441,"date":"2022-09-13T12:24:39","date_gmt":"2022-09-13T12:24:39","guid":{"rendered":"https:\/\/lysdrap.be\/samenwerken\/"},"modified":"2022-12-21T15:28:27","modified_gmt":"2022-12-21T15:28:27","slug":"samenwerken","status":"publish","type":"page","link":"https:\/\/lysdrap.be\/fr\/samenwerken\/","title":{"rendered":"Samenwerken?"},"content":{"rendered":"<div data-elementor-type=\"wp-page\" data-elementor-id=\"441\" class=\"elementor elementor-441\">\n\t\t\t\t\t\t\t\t\t<section class=\"elementor-section elementor-top-section elementor-element elementor-element-9e95647 elementor-section-boxed elementor-section-height-default elementor-section-height-default\" data-id=\"9e95647\" data-element_type=\"section\">\n\t\t\t\t\t\t<div class=\"elementor-container elementor-column-gap-default\">\n\t\t\t\t\t<div class=\"elementor-column elementor-col-100 elementor-top-column elementor-element elementor-element-a0d05c7\" data-id=\"a0d05c7\" data-element_type=\"column\">\n\t\t\t<div class=\"elementor-widget-wrap elementor-element-populated\">\n\t\t\t\t\t\t\t\t<div class=\"elementor-element elementor-element-4a793bb elementor-widget elementor-widget-heading\" data-id=\"4a793bb\" data-element_type=\"widget\" data-widget_type=\"heading.default\">\n\t\t\t\t<div class=\"elementor-widget-container\">\n\t\t\t<style>\/*! elementor - v3.11.5 - 14-03-2023 *\/\n.elementor-heading-title{padding:0;margin:0;line-height:1}.elementor-widget-heading .elementor-heading-title[class*=elementor-size-]>a{color:inherit;font-size:inherit;line-height:inherit}.elementor-widget-heading .elementor-heading-title.elementor-size-small{font-size:15px}.elementor-widget-heading .elementor-heading-title.elementor-size-medium{font-size:19px}.elementor-widget-heading .elementor-heading-title.elementor-size-large{font-size:29px}.elementor-widget-heading .elementor-heading-title.elementor-size-xl{font-size:39px}.elementor-widget-heading .elementor-heading-title.elementor-size-xxl{font-size:59px}<\/style><h2 class=\"elementor-heading-title elementor-size-default\">Travaillez avec nous<\/h2>\t\t<\/div>\n\t\t\t\t<\/div>\n\t\t\t\t<div class=\"elementor-element elementor-element-bf7c247 elementor-widget-divider--view-line_icon elementor-view-default elementor-widget-divider--element-align-center elementor-widget elementor-widget-divider\" data-id=\"bf7c247\" data-element_type=\"widget\" data-widget_type=\"divider.default\">\n\t\t\t\t<div class=\"elementor-widget-container\">\n\t\t\t<style>\/*! elementor - v3.11.5 - 14-03-2023 *\/\n.elementor-widget-divider{--divider-border-style:none;--divider-border-width:1px;--divider-color:#2c2c2c;--divider-icon-size:20px;--divider-element-spacing:10px;--divider-pattern-height:24px;--divider-pattern-size:20px;--divider-pattern-url:none;--divider-pattern-repeat:repeat-x}.elementor-widget-divider .elementor-divider{display:flex}.elementor-widget-divider .elementor-divider__text{font-size:15px;line-height:1;max-width:95%}.elementor-widget-divider .elementor-divider__element{margin:0 var(--divider-element-spacing);flex-shrink:0}.elementor-widget-divider .elementor-icon{font-size:var(--divider-icon-size)}.elementor-widget-divider .elementor-divider-separator{display:flex;margin:0;direction:ltr}.elementor-widget-divider--view-line_icon .elementor-divider-separator,.elementor-widget-divider--view-line_text .elementor-divider-separator{align-items:center}.elementor-widget-divider--view-line_icon .elementor-divider-separator:after,.elementor-widget-divider--view-line_icon .elementor-divider-separator:before,.elementor-widget-divider--view-line_text .elementor-divider-separator:after,.elementor-widget-divider--view-line_text .elementor-divider-separator:before{display:block;content:\"\";border-bottom:0;flex-grow:1;border-top:var(--divider-border-width) var(--divider-border-style) var(--divider-color)}.elementor-widget-divider--element-align-left .elementor-divider .elementor-divider-separator>.elementor-divider__svg:first-of-type{flex-grow:0;flex-shrink:100}.elementor-widget-divider--element-align-left .elementor-divider-separator:before{content:none}.elementor-widget-divider--element-align-left .elementor-divider__element{margin-left:0}.elementor-widget-divider--element-align-right .elementor-divider .elementor-divider-separator>.elementor-divider__svg:last-of-type{flex-grow:0;flex-shrink:100}.elementor-widget-divider--element-align-right .elementor-divider-separator:after{content:none}.elementor-widget-divider--element-align-right .elementor-divider__element{margin-right:0}.elementor-widget-divider:not(.elementor-widget-divider--view-line_text):not(.elementor-widget-divider--view-line_icon) .elementor-divider-separator{border-top:var(--divider-border-width) var(--divider-border-style) var(--divider-color)}.elementor-widget-divider--separator-type-pattern{--divider-border-style:none}.elementor-widget-divider--separator-type-pattern.elementor-widget-divider--view-line .elementor-divider-separator,.elementor-widget-divider--separator-type-pattern:not(.elementor-widget-divider--view-line) .elementor-divider-separator:after,.elementor-widget-divider--separator-type-pattern:not(.elementor-widget-divider--view-line) .elementor-divider-separator:before,.elementor-widget-divider--separator-type-pattern:not([class*=elementor-widget-divider--view]) .elementor-divider-separator{width:100%;min-height:var(--divider-pattern-height);-webkit-mask-size:var(--divider-pattern-size) 100%;mask-size:var(--divider-pattern-size) 100%;-webkit-mask-repeat:var(--divider-pattern-repeat);mask-repeat:var(--divider-pattern-repeat);background-color:var(--divider-color);-webkit-mask-image:var(--divider-pattern-url);mask-image:var(--divider-pattern-url)}.elementor-widget-divider--no-spacing{--divider-pattern-size:auto}.elementor-widget-divider--bg-round{--divider-pattern-repeat:round}.rtl .elementor-widget-divider .elementor-divider__text{direction:rtl}.e-con-inner>.elementor-widget-divider,.e-con>.elementor-widget-divider{width:var(--container-widget-width,100%);--flex-grow:var(--container-widget-flex-grow)}<\/style>\t\t<div class=\"elementor-divider\">\n\t\t\t<span class=\"elementor-divider-separator\">\n\t\t\t\t\t\t\t<div class=\"elementor-icon elementor-divider__element\">\n\t\t\t\t\t<svg xmlns=\"http:\/\/www.w3.org\/2000\/svg\" xmlns:xlink=\"http:\/\/www.w3.org\/1999\/xlink\" id=\"Layer_1\" x=\"0px\" y=\"0px\" viewbox=\"0 0 64 64\" xml:space=\"preserve\"> <path id=\"Moon\" d=\"M63.4374046,38.4606323c-0.4258003-0.2060013-0.9384995-0.0848999-1.2276001,0.2910995 c-1.2803001,1.6650009-2.9452972,3.2001991-4.9501991,4.5625c-11.6180992,7.8808022-27.544899,4.9248009-35.4971008-6.5956993 c-7.8154011-11.3204002-4.9902-26.9736996,6.2968998-34.8936005c0.3799-0.2666,0.5263996-0.7588,0.3544998-1.1895001 c-0.1728001-0.4316-0.625-0.6835-1.0771008-0.6181c-4.6474991,0.6953-9.2070999,2.4902-13.1875,5.1893997 C6.9706059,10.0759325,2.1415057,17.427433,0.5526057,25.9079323c-1.582,8.4414024,0.2402,16.9932022,5.1308002,24.0791016 c6.2872,9.1054993,16.4864006,14.0058975,26.8554993,14.0058975c6.3173981,0,12.6982994-1.819397,18.2939987-5.6161995 c6.5800018-4.461998,11.2461014-11.1298981,13.1406021-18.7753983 C64.0877075,39.142334,63.8631058,38.6657333,63.4374046,38.4606323z M49.7098045,56.7224312 c-13.8710976,9.410099-32.8847961,5.8828011-42.3798981-7.872097c-4.5858998-6.642601-6.2948999-14.660202-4.8114996-22.5742016 C4.0086055,18.3239326,8.5379057,11.4294329,15.2723055,6.861033c2.5801001-1.75,5.4189997-3.0937002,8.3643007-3.9726 c-9.3916006,9.0702991-11.1416006,23.9258003-3.5205002,34.9668007 c8.5741997,12.4188995,25.7422009,15.6094017,38.2666016,7.1133003c0.8260994-0.5606003,1.5996017-1.149498,2.3182983-1.764698 C58.4803047,48.6472321,54.6766052,53.3542328,49.7098045,56.7224312z\"><\/path> <g> <\/g> <g> <\/g> <g> <\/g> <g> <\/g> <g> <\/g> <g> <\/g> <g> <\/g> <g> <\/g> <g> <\/g> <g> <\/g> <g> <\/g> <g> <\/g> <g> <\/g> <g> <\/g> <g> <\/g> <\/svg><\/div>\n\t\t\t\t\t\t<\/span>\n\t\t<\/div>\n\t\t\t\t<\/div>\n\t\t\t\t<\/div>\n\t\t\t\t\t<\/div>\n\t\t<\/div>\n\t\t\t\t\t\t\t<\/div>\n\t\t<\/section>\n\t\t\t\t<section class=\"elementor-section elementor-top-section elementor-element elementor-element-395baa0 elementor-section-boxed elementor-section-height-default elementor-section-height-default\" data-id=\"395baa0\" data-element_type=\"section\">\n\t\t\t\t\t\t<div class=\"elementor-container elementor-column-gap-default\">\n\t\t\t\t\t<div class=\"elementor-column elementor-col-33 elementor-top-column elementor-element elementor-element-e04c6b5\" data-id=\"e04c6b5\" data-element_type=\"column\">\n\t\t\t<div class=\"elementor-widget-wrap\">\n\t\t\t\t\t\t\t\t\t<\/div>\n\t\t<\/div>\n\t\t\t\t<div class=\"elementor-column elementor-col-33 elementor-top-column elementor-element elementor-element-67964ff\" data-id=\"67964ff\" data-element_type=\"column\">\n\t\t\t<div class=\"elementor-widget-wrap elementor-element-populated\">\n\t\t\t\t\t\t\t\t<div class=\"elementor-element elementor-element-dc12ef3 elementor-widget elementor-widget-heading\" data-id=\"dc12ef3\" data-element_type=\"widget\" data-widget_type=\"heading.default\">\n\t\t\t\t<div class=\"elementor-widget-container\">\n\t\t\t<h2 class=\"elementor-heading-title elementor-size-default\">\u00cates-vous un d\u00e9taillant?<\/h2>\t\t<\/div>\n\t\t\t\t<\/div>\n\t\t\t\t<div class=\"elementor-element elementor-element-4915f7a elementor-widget elementor-widget-text-editor\" data-id=\"4915f7a\" data-element_type=\"widget\" data-widget_type=\"text-editor.default\">\n\t\t\t\t<div class=\"elementor-widget-container translation-block\">Nos produits sont disponibles dans les magasins sp\u00e9cialis\u00e9s au confort de dormir et les magasins d'int\u00e9rieur et de d\u00e9coration.<\/div>\n\t\t\t\t<\/div>\n\t\t\t\t<div class=\"elementor-element elementor-element-7aa661f elementor-widget elementor-widget-spacer\" data-id=\"7aa661f\" data-element_type=\"widget\" data-widget_type=\"spacer.default\">\n\t\t\t\t<div class=\"elementor-widget-container\">\n\t\t\t<style>\/*! elementor - v3.11.5 - 14-03-2023 *\/\n.elementor-column .elementor-spacer-inner{height:var(--spacer-size)}.e-con{--container-widget-width:100%}.e-con-inner>.elementor-widget-spacer,.e-con>.elementor-widget-spacer{width:var(--container-widget-width,var(--spacer-size));--align-self:var(--container-widget-align-self,initial);--flex-shrink:0}.e-con-inner>.elementor-widget-spacer>.elementor-widget-container,.e-con-inner>.elementor-widget-spacer>.elementor-widget-container>.elementor-spacer,.e-con>.elementor-widget-spacer>.elementor-widget-container,.e-con>.elementor-widget-spacer>.elementor-widget-container>.elementor-spacer{height:100%}.e-con-inner>.elementor-widget-spacer>.elementor-widget-container>.elementor-spacer>.elementor-spacer-inner,.e-con>.elementor-widget-spacer>.elementor-widget-container>.elementor-spacer>.elementor-spacer-inner{height:var(--container-widget-height,var(--spacer-size))}<\/style>\t\t<div class=\"elementor-spacer\">\n\t\t\t<div class=\"elementor-spacer-inner\"><\/div>\n\t\t<\/div>\n\t\t\t\t<\/div>\n\t\t\t\t<\/div>\n\t\t\t\t<div class=\"elementor-element elementor-element-5ce28b2 elementor-align-right elementor-mobile-align-left elementor-widget elementor-widget-button\" data-id=\"5ce28b2\" data-element_type=\"widget\" data-widget_type=\"button.default\">\n\t\t\t\t<div class=\"elementor-widget-container\">\n\t\t\t\t\t<div class=\"elementor-button-wrapper\">\n\t\t\t<a href=\"https:\/\/lysdrap.be\/fr\/contact\/\" class=\"elementor-button-link elementor-button elementor-size-sm\" role=\"button\">\n\t\t\t\t\t\t<span class=\"elementor-button-content-wrapper\">\n\t\t\t\t\t\t<span class=\"elementor-button-text\">N'h\u00e9sitez pas \u00e0 nous contacter<\/span>\n\t\t<\/span>\n\t\t\t\t\t<\/a>\n\t\t<\/div>\n\t\t\t\t<\/div>\n\t\t\t\t<\/div>\n\t\t\t\t\t<\/div>\n\t\t<\/div>\n\t\t\t\t<div class=\"elementor-column elementor-col-33 elementor-top-column elementor-element elementor-element-51d5661\" data-id=\"51d5661\" data-element_type=\"column\">\n\t\t\t<div class=\"elementor-widget-wrap elementor-element-populated\">\n\t\t\t\t\t\t\t\t<div class=\"elementor-element elementor-element-73dc9db elementor-widget elementor-widget-image\" data-id=\"73dc9db\" data-element_type=\"widget\" data-widget_type=\"image.default\">\n\t\t\t\t<div class=\"elementor-widget-container\">\n\t\t\t<style>\/*! elementor - v3.11.5 - 14-03-2023 *\/\n.elementor-widget-image{text-align:center}.elementor-widget-image a{display:inline-block}.elementor-widget-image a img[src$=\".svg\"]{width:48px}.elementor-widget-image img{vertical-align:middle;display:inline-block}<\/style>\t\t\t\t\t\t\t\t\t\t\t\t<img loading=\"lazy\" decoding=\"async\" width=\"683\" height=\"1024\" src=\"https:\/\/lysdrap.be\/wp-content\/uploads\/2022\/09\/307530980_1970014976536377_4682395949487783752_n-683x1024.png\" class=\"attachment-large size-large wp-image-5326\" alt=\"\" srcset=\"https:\/\/lysdrap.be\/wp-content\/uploads\/2022\/09\/307530980_1970014976536377_4682395949487783752_n-683x1024.png 683w, https:\/\/lysdrap.be\/wp-content\/uploads\/2022\/09\/307530980_1970014976536377_4682395949487783752_n-200x300.png 200w, https:\/\/lysdrap.be\/wp-content\/uploads\/2022\/09\/307530980_1970014976536377_4682395949487783752_n-768x1152.png 768w, https:\/\/lysdrap.be\/wp-content\/uploads\/2022\/09\/307530980_1970014976536377_4682395949487783752_n-1024x1536.png 1024w, https:\/\/lysdrap.be\/wp-content\/uploads\/2022\/09\/307530980_1970014976536377_4682395949487783752_n-1365x2048.png 1365w, https:\/\/lysdrap.be\/wp-content\/uploads\/2022\/09\/307530980_1970014976536377_4682395949487783752_n.png 2048w\" sizes=\"auto, (max-width: 683px) 100vw, 683px\" \/>\t\t\t\t\t\t\t\t\t\t\t\t\t\t\t<\/div>\n\t\t\t\t<\/div>\n\t\t\t\t\t<\/div>\n\t\t<\/div>\n\t\t\t\t\t\t\t<\/div>\n\t\t<\/section>\n\t\t\t\t<section class=\"elementor-section elementor-top-section elementor-element elementor-element-522c27f elementor-reverse-tablet elementor-reverse-mobile elementor-section-boxed elementor-section-height-default elementor-section-height-default\" data-id=\"522c27f\" data-element_type=\"section\">\n\t\t\t\t\t\t<div class=\"elementor-container elementor-column-gap-default\">\n\t\t\t\t\t<div class=\"elementor-column elementor-col-50 elementor-top-column elementor-element elementor-element-0130070\" data-id=\"0130070\" data-element_type=\"column\" data-settings=\"{&quot;background_background&quot;:&quot;classic&quot;}\">\n\t\t\t<div class=\"elementor-widget-wrap elementor-element-populated\">\n\t\t\t\t\t\t\t\t<div class=\"elementor-element elementor-element-1329a07 elementor-widget elementor-widget-spacer\" data-id=\"1329a07\" data-element_type=\"widget\" data-widget_type=\"spacer.default\">\n\t\t\t\t<div class=\"elementor-widget-container\">\n\t\t\t\t\t<div class=\"elementor-spacer\">\n\t\t\t<div class=\"elementor-spacer-inner\"><\/div>\n\t\t<\/div>\n\t\t\t\t<\/div>\n\t\t\t\t<\/div>\n\t\t\t\t\t<\/div>\n\t\t<\/div>\n\t\t\t\t<div class=\"elementor-column elementor-col-50 elementor-top-column elementor-element elementor-element-254f37c\" data-id=\"254f37c\" data-element_type=\"column\">\n\t\t\t<div class=\"elementor-widget-wrap elementor-element-populated\">\n\t\t\t\t\t\t\t\t<div class=\"elementor-element elementor-element-60cb87c elementor-widget elementor-widget-heading\" data-id=\"60cb87c\" data-element_type=\"widget\" data-widget_type=\"heading.default\">\n\t\t\t\t<div class=\"elementor-widget-container\">\n\t\t\t<h2 class=\"elementor-heading-title elementor-size-default\">Vous avez un projet?<\/h2>\t\t<\/div>\n\t\t\t\t<\/div>\n\t\t\t\t<div class=\"elementor-element elementor-element-6cf5417 elementor-widget elementor-widget-text-editor\" data-id=\"6cf5417\" data-element_type=\"widget\" data-widget_type=\"text-editor.default\">\n\t\t\t\t<div class=\"elementor-widget-container\">\n\t\t\t\t\t\t\t<p>Nous collaborons avec des architectes d'int\u00e9rieur et des d\u00e9corateurs. Nous fournissons des produits sur mesure pour leurs projets.<\/p>\t\t\t\t\t\t<\/div>\n\t\t\t\t<\/div>\n\t\t\t\t<div class=\"elementor-element elementor-element-4dc0938 elementor-icon-list--layout-traditional elementor-list-item-link-full_width elementor-widget elementor-widget-icon-list\" data-id=\"4dc0938\" data-element_type=\"widget\" data-widget_type=\"icon-list.default\">\n\t\t\t\t<div class=\"elementor-widget-container\">\n\t\t\t<link rel=\"stylesheet\" href=\"https:\/\/lysdrap.be\/wp-content\/uploads\/elementor\/css\/custom-widget-icon-list.min.css?ver=1679922478\">\t\t<ul class=\"elementor-icon-list-items\">\n\t\t\t\t\t\t\t<li class=\"elementor-icon-list-item\">\n\t\t\t\t\t\t\t\t\t\t<span class=\"elementor-icon-list-text\">Priv\u00e9<\/span>\n\t\t\t\t\t\t\t\t\t<\/li>\n\t\t\t\t\t\t\t\t<li class=\"elementor-icon-list-item\">\n\t\t\t\t\t\t\t\t\t\t<span class=\"elementor-icon-list-text\">Hotel<\/span>\n\t\t\t\t\t\t\t\t\t<\/li>\n\t\t\t\t\t\t\t\t<li class=\"elementor-icon-list-item\">\n\t\t\t\t\t\t\t\t\t\t<span class=\"elementor-icon-list-text\">Restaurant<\/span>\n\t\t\t\t\t\t\t\t\t<\/li>\n\t\t\t\t\t\t\t\t<li class=\"elementor-icon-list-item\">\n\t\t\t\t\t\t\t\t\t\t<span class=\"elementor-icon-list-text\">Bateaux<\/span>\n\t\t\t\t\t\t\t\t\t<\/li>\n\t\t\t\t\t\t\t\t<li class=\"elementor-icon-list-item\">\n\t\t\t\t\t\t\t\t\t\t<span class=\"elementor-icon-list-text\">Avions<\/span>\n\t\t\t\t\t\t\t\t\t<\/li>\n\t\t\t\t\t\t<\/ul>\n\t\t\t\t<\/div>\n\t\t\t\t<\/div>\n\t\t\t\t<div class=\"elementor-element elementor-element-f4c53e8 elementor-icon-list--layout-traditional elementor-list-item-link-full_width elementor-widget elementor-widget-icon-list\" data-id=\"f4c53e8\" data-element_type=\"widget\" data-widget_type=\"icon-list.default\">\n\t\t\t\t<div class=\"elementor-widget-container\">\n\t\t\t\t\t<ul class=\"elementor-icon-list-items\">\n\t\t\t\t\t\t\t<li class=\"elementor-icon-list-item\">\n\t\t\t\t\t\t\t\t\t\t<span class=\"elementor-icon-list-text\">De lit<\/span>\n\t\t\t\t\t\t\t\t\t<\/li>\n\t\t\t\t\t\t\t\t<li class=\"elementor-icon-list-item\">\n\t\t\t\t\t\t\t\t\t\t<span class=\"elementor-icon-list-text\">De bain<\/span>\n\t\t\t\t\t\t\t\t\t<\/li>\n\t\t\t\t\t\t\t\t<li class=\"elementor-icon-list-item\">\n\t\t\t\t\t\t\t\t\t\t<span class=\"elementor-icon-list-text\">De table<\/span>\n\t\t\t\t\t\t\t\t\t<\/li>\n\t\t\t\t\t\t<\/ul>\n\t\t\t\t<\/div>\n\t\t\t\t<\/div>\n\t\t\t\t<div class=\"elementor-element elementor-element-3e6bac3 elementor-align-left elementor-mobile-align-left elementor-widget elementor-widget-button\" data-id=\"3e6bac3\" data-element_type=\"widget\" data-widget_type=\"button.default\">\n\t\t\t\t<div class=\"elementor-widget-container\">\n\t\t\t\t\t<div class=\"elementor-button-wrapper\">\n\t\t\t<a href=\"https:\/\/lysdrap.be\/fr\/contact\/\" class=\"elementor-button-link elementor-button elementor-size-sm\" role=\"button\">\n\t\t\t\t\t\t<span class=\"elementor-button-content-wrapper\">\n\t\t\t\t\t\t<span class=\"elementor-button-text\">N'h\u00e9sitez pas \u00e0 nous contacter<\/span>\n\t\t<\/span>\n\t\t\t\t\t<\/a>\n\t\t<\/div>\n\t\t\t\t<\/div>\n\t\t\t\t<\/div>\n\t\t\t\t\t<\/div>\n\t\t<\/div>\n\t\t\t\t\t\t\t<\/div>\n\t\t<\/section>\n\t\t\t\t\t\t\t<\/div>","protected":false},"excerpt":{"rendered":"<p>Samenwerken met ons U bent retailer Onze producten zijn te verkrijgen via de betere slaapcomfort-winkels en interieur &amp; decoratie-winkels. Contacteer ons U heeft een project Voor totaalprojecten werken wij samen met interieurarchitecten en decorateurs. Priv\u00e9 Hotel Restaurant Boot Vliegtuig Bed Bad Tafel Contacteer ons<\/p>","protected":false},"author":1,"featured_media":0,"parent":0,"menu_order":0,"comment_status":"closed","ping_status":"closed","template":"elementor_header_footer","meta":{"footnotes":""},"class_list":["post-441","page","type-page","status-publish","hentry"],"yoast_head":"<!-- This site is optimized with the Yoast SEO plugin v20.3 - https:\/\/yoast.com\/wordpress\/plugins\/seo\/ -->\n<title>Samenwerken? - lysdrap<\/title>\n<meta name=\"robots\" content=\"index, follow, max-snippet:-1, max-image-preview:large, max-video-preview:-1\" \/>\n<link rel=\"canonical\" href=\"https:\/\/lysdrap.be\/fr\/samenwerken\/\" \/>\n<meta property=\"og:locale\" content=\"fr_FR\" \/>\n<meta property=\"og:type\" content=\"article\" \/>\n<meta property=\"og:title\" content=\"Samenwerken? - lysdrap\" \/>\n<meta property=\"og:description\" content=\"Samenwerken met ons U bent retailer Onze producten zijn te verkrijgen via de betere slaapcomfort-winkels en interieur &amp; decoratie-winkels. Contacteer ons U heeft een project Voor totaalprojecten werken wij samen met interieurarchitecten en decorateurs. Priv\u00e9 Hotel Restaurant Boot Vliegtuig Bed Bad Tafel Contacteer ons\" \/>\n<meta property=\"og:url\" content=\"https:\/\/lysdrap.be\/fr\/samenwerken\/\" \/>\n<meta property=\"og:site_name\" content=\"lysdrap\" \/>\n<meta property=\"article:modified_time\" content=\"2022-12-21T15:28:27+00:00\" \/>\n<meta property=\"og:image\" content=\"https:\/\/lysdrap.be\/wp-content\/uploads\/2022\/09\/307530980_1970014976536377_4682395949487783752_n-683x1024.png\" \/>\n<meta name=\"twitter:card\" content=\"summary_large_image\" \/>\n<script type=\"application\/ld+json\" class=\"yoast-schema-graph\">{\"@context\":\"https:\/\/schema.org\",\"@graph\":[{\"@type\":\"WebPage\",\"@id\":\"https:\/\/lysdrap.be\/samenwerken\/\",\"url\":\"https:\/\/lysdrap.be\/samenwerken\/\",\"name\":\"Samenwerken? - lysdrap\",\"isPartOf\":{\"@id\":\"https:\/\/lysdrap.be\/#website\"},\"datePublished\":\"2022-09-13T12:24:39+00:00\",\"dateModified\":\"2022-12-21T15:28:27+00:00\",\"breadcrumb\":{\"@id\":\"https:\/\/lysdrap.be\/samenwerken\/#breadcrumb\"},\"inLanguage\":\"fr-BE\",\"potentialAction\":[{\"@type\":\"ReadAction\",\"target\":[\"https:\/\/lysdrap.be\/samenwerken\/\"]}]},{\"@type\":\"BreadcrumbList\",\"@id\":\"https:\/\/lysdrap.be\/samenwerken\/#breadcrumb\",\"itemListElement\":[{\"@type\":\"ListItem\",\"position\":1,\"name\":\"Home\",\"item\":\"https:\/\/lysdrap.be\/\"},{\"@type\":\"ListItem\",\"position\":2,\"name\":\"Samenwerken?\"}]},{\"@type\":\"WebSite\",\"@id\":\"https:\/\/lysdrap.be\/#website\",\"url\":\"https:\/\/lysdrap.be\/\",\"name\":\"lysdrap\",\"description\":\"Ons exclusief bedlinnen op maat is het toonbeeld van Belgisch fabricaat. Lysdrap is 100% vervaardigd op Belgische bodem\",\"publisher\":{\"@id\":\"https:\/\/lysdrap.be\/#organization\"},\"potentialAction\":[{\"@type\":\"SearchAction\",\"target\":{\"@type\":\"EntryPoint\",\"urlTemplate\":\"https:\/\/lysdrap.be\/?s={search_term_string}\"},\"query-input\":\"required name=search_term_string\"}],\"inLanguage\":\"fr-BE\"},{\"@type\":\"Organization\",\"@id\":\"https:\/\/lysdrap.be\/#organization\",\"name\":\"lysdrap\",\"url\":\"https:\/\/lysdrap.be\/\",\"logo\":{\"@type\":\"ImageObject\",\"inLanguage\":\"fr-BE\",\"@id\":\"https:\/\/lysdrap.be\/#\/schema\/logo\/image\/\",\"url\":\"https:\/\/lysdrap.be\/wp-content\/uploads\/2022\/09\/Logo-01-2-300x252-1.png\",\"contentUrl\":\"https:\/\/lysdrap.be\/wp-content\/uploads\/2022\/09\/Logo-01-2-300x252-1.png\",\"width\":300,\"height\":252,\"caption\":\"lysdrap\"},\"image\":{\"@id\":\"https:\/\/lysdrap.be\/#\/schema\/logo\/image\/\"}}]}<\/script>\n<!-- \/ Yoast SEO plugin. -->","yoast_head_json":{"title":"Samenwerken? - lysdrap","robots":{"index":"index","follow":"follow","max-snippet":"max-snippet:-1","max-image-preview":"max-image-preview:large","max-video-preview":"max-video-preview:-1"},"canonical":"https:\/\/lysdrap.be\/fr\/samenwerken\/","og_locale":"fr_FR","og_type":"article","og_title":"Samenwerken? - lysdrap","og_description":"Samenwerken met ons U bent retailer Onze producten zijn te verkrijgen via de betere slaapcomfort-winkels en interieur &amp; decoratie-winkels. Contacteer ons U heeft een project Voor totaalprojecten werken wij samen met interieurarchitecten en decorateurs. Priv\u00e9 Hotel Restaurant Boot Vliegtuig Bed Bad Tafel Contacteer ons","og_url":"https:\/\/lysdrap.be\/fr\/samenwerken\/","og_site_name":"lysdrap","article_modified_time":"2022-12-21T15:28:27+00:00","og_image":[{"url":"https:\/\/lysdrap.be\/wp-content\/uploads\/2022\/09\/307530980_1970014976536377_4682395949487783752_n-683x1024.png"}],"twitter_card":"summary_large_image","schema":{"@context":"https:\/\/schema.org","@graph":[{"@type":"WebPage","@id":"https:\/\/lysdrap.be\/samenwerken\/","url":"https:\/\/lysdrap.be\/samenwerken\/","name":"Samenwerken? - lysdrap","isPartOf":{"@id":"https:\/\/lysdrap.be\/#website"},"datePublished":"2022-09-13T12:24:39+00:00","dateModified":"2022-12-21T15:28:27+00:00","breadcrumb":{"@id":"https:\/\/lysdrap.be\/samenwerken\/#breadcrumb"},"inLanguage":"fr-BE","potentialAction":[{"@type":"ReadAction","target":["https:\/\/lysdrap.be\/samenwerken\/"]}]},{"@type":"BreadcrumbList","@id":"https:\/\/lysdrap.be\/samenwerken\/#breadcrumb","itemListElement":[{"@type":"ListItem","position":1,"name":"Home","item":"https:\/\/lysdrap.be\/"},{"@type":"ListItem","position":2,"name":"Samenwerken?"}]},{"@type":"WebSite","@id":"https:\/\/lysdrap.be\/#website","url":"https:\/\/lysdrap.be\/","name":"lysdrap","description":"Ons exclusief bedlinnen op maat is het toonbeeld van Belgisch fabricaat. Lysdrap is 100% vervaardigd op Belgische bodem","publisher":{"@id":"https:\/\/lysdrap.be\/#organization"},"potentialAction":[{"@type":"SearchAction","target":{"@type":"EntryPoint","urlTemplate":"https:\/\/lysdrap.be\/?s={search_term_string}"},"query-input":"required name=search_term_string"}],"inLanguage":"fr-BE"},{"@type":"Organization","@id":"https:\/\/lysdrap.be\/#organization","name":"lysdrap","url":"https:\/\/lysdrap.be\/","logo":{"@type":"ImageObject","inLanguage":"fr-BE","@id":"https:\/\/lysdrap.be\/#\/schema\/logo\/image\/","url":"https:\/\/lysdrap.be\/wp-content\/uploads\/2022\/09\/Logo-01-2-300x252-1.png","contentUrl":"https:\/\/lysdrap.be\/wp-content\/uploads\/2022\/09\/Logo-01-2-300x252-1.png","width":300,"height":252,"caption":"lysdrap"},"image":{"@id":"https:\/\/lysdrap.be\/#\/schema\/logo\/image\/"}}]}},"_links":{"self":[{"href":"https:\/\/lysdrap.be\/fr\/wp-json\/wp\/v2\/pages\/441","targetHints":{"allow":["GET"]}}],"collection":[{"href":"https:\/\/lysdrap.be\/fr\/wp-json\/wp\/v2\/pages"}],"about":[{"href":"https:\/\/lysdrap.be\/fr\/wp-json\/wp\/v2\/types\/page"}],"author":[{"embeddable":true,"href":"https:\/\/lysdrap.be\/fr\/wp-json\/wp\/v2\/users\/1"}],"replies":[{"embeddable":true,"href":"https:\/\/lysdrap.be\/fr\/wp-json\/wp\/v2\/comments?post=441"}],"version-history":[{"count":80,"href":"https:\/\/lysdrap.be\/fr\/wp-json\/wp\/v2\/pages\/441\/revisions"}],"predecessor-version":[{"id":6280,"href":"https:\/\/lysdrap.be\/fr\/wp-json\/wp\/v2\/pages\/441\/revisions\/6280"}],"wp:attachment":[{"href":"https:\/\/lysdrap.be\/fr\/wp-json\/wp\/v2\/media?parent=441"}],"curies":[{"name":"wp","href":"https:\/\/api.w.org\/{rel}","templated":true}]}}